{"id":5879,"date":"2026-01-29T00:50:32","date_gmt":"2026-01-29T00:50:32","guid":{"rendered":"https:\/\/xavierlazaro.com\/?page_id=5879"},"modified":"2026-04-15T09:08:46","modified_gmt":"2026-04-15T09:08:46","slug":"resultados-2026","status":"publish","type":"page","link":"https:\/\/xavierlazaro.com\/en\/resultados-2026\/","title":{"rendered":"Results 2026"},"content":{"rendered":"<figure class=\"wp-block-image alignwide size-full is-style-rounded\"><img loading=\"lazy\" decoding=\"async\" width=\"800\" height=\"300\" src=\"https:\/\/xavierlazaro.com\/wp-content\/uploads\/2026\/01\/MuralResultados10.jpg\" alt=\"\" class=\"wp-image-5880\" srcset=\"https:\/\/xavierlazaro.com\/wp-content\/uploads\/2026\/01\/MuralResultados10.jpg 800w, https:\/\/xavierlazaro.com\/wp-content\/uploads\/2026\/01\/MuralResultados10-300x113.jpg 300w, https:\/\/xavierlazaro.com\/wp-content\/uploads\/2026\/01\/MuralResultados10-768x288.jpg 768w, https:\/\/xavierlazaro.com\/wp-content\/uploads\/2026\/01\/MuralResultados10-18x7.jpg 18w, https:\/\/xavierlazaro.com\/wp-content\/uploads\/2026\/01\/MuralResultados10-150x56.jpg 150w, https:\/\/xavierlazaro.com\/wp-content\/uploads\/2026\/01\/MuralResultados10-696x261.jpg 696w\" sizes=\"auto, (max-width: 800px) 100vw, 800px\" \/><\/figure>\n\n\n\n<div class=\"wp-block-columns is-layout-flex wp-container-core-columns-is-layout-9d6595d7 wp-block-columns-is-layout-flex\">\n<div class=\"wp-block-column is-layout-flow wp-block-column-is-layout-flow\" style=\"flex-basis:66.66%\">\n<figure class=\"wp-block-image size-large\"><img loading=\"lazy\" decoding=\"async\" width=\"1024\" height=\"576\" src=\"https:\/\/xavierlazaro.com\/wp-content\/uploads\/2026\/04\/2026ResultsCIKFIAEuR1LaConca-1024x576.jpg\" alt=\"\" class=\"wp-image-6126\" srcset=\"https:\/\/xavierlazaro.com\/wp-content\/uploads\/2026\/04\/2026ResultsCIKFIAEuR1LaConca-1024x576.jpg 1024w, https:\/\/xavierlazaro.com\/wp-content\/uploads\/2026\/04\/2026ResultsCIKFIAEuR1LaConca-300x169.jpg 300w, https:\/\/xavierlazaro.com\/wp-content\/uploads\/2026\/04\/2026ResultsCIKFIAEuR1LaConca-768x432.jpg 768w, https:\/\/xavierlazaro.com\/wp-content\/uploads\/2026\/04\/2026ResultsCIKFIAEuR1LaConca-1536x864.jpg 1536w, https:\/\/xavierlazaro.com\/wp-content\/uploads\/2026\/04\/2026ResultsCIKFIAEuR1LaConca-18x10.jpg 18w, https:\/\/xavierlazaro.com\/wp-content\/uploads\/2026\/04\/2026ResultsCIKFIAEuR1LaConca-747x420.jpg 747w, https:\/\/xavierlazaro.com\/wp-content\/uploads\/2026\/04\/2026ResultsCIKFIAEuR1LaConca-150x84.jpg 150w, https:\/\/xavierlazaro.com\/wp-content\/uploads\/2026\/04\/2026ResultsCIKFIAEuR1LaConca-696x392.jpg 696w, https:\/\/xavierlazaro.com\/wp-content\/uploads\/2026\/04\/2026ResultsCIKFIAEuR1LaConca-1068x601.jpg 1068w, https:\/\/xavierlazaro.com\/wp-content\/uploads\/2026\/04\/2026ResultsCIKFIAEuR1LaConca.jpg 1920w\" sizes=\"auto, (max-width: 1024px) 100vw, 1024px\" \/><\/figure>\n\n\n\n<p class=\"has-text-align-center\"><strong>The Pace Is There<\/strong><\/p>\n\n\n\n<p>My first participation in a CIK-FIA Karting event had been long awaited, and it did not disappoint. My pace was consistently strong and my equipment was always competitive. I achieved some good results, but in one of the heats things didn\u2019t go my way, which forced me to start further back in the Pre-Final.\nThere, luck was not on my side and I got caught up in an incident that set me back and compromised my fight for a place in my first European Championship final.<\/p>\n<\/div>\n\n\n\n<div class=\"wp-block-column is-layout-flow wp-block-column-is-layout-flow\" style=\"flex-basis:33.33%\">\n<figure class=\"wp-block-image size-full\"><img loading=\"lazy\" decoding=\"async\" width=\"338\" height=\"621\" src=\"https:\/\/xavierlazaro.com\/wp-content\/uploads\/2026\/04\/Classifs-2026-CIKFIAEuR1.jpg\" alt=\"\" class=\"wp-image-6124\" srcset=\"https:\/\/xavierlazaro.com\/wp-content\/uploads\/2026\/04\/Classifs-2026-CIKFIAEuR1.jpg 338w, https:\/\/xavierlazaro.com\/wp-content\/uploads\/2026\/04\/Classifs-2026-CIKFIAEuR1-163x300.jpg 163w, https:\/\/xavierlazaro.com\/wp-content\/uploads\/2026\/04\/Classifs-2026-CIKFIAEuR1-7x12.jpg 7w, https:\/\/xavierlazaro.com\/wp-content\/uploads\/2026\/04\/Classifs-2026-CIKFIAEuR1-229x420.jpg 229w, https:\/\/xavierlazaro.com\/wp-content\/uploads\/2026\/04\/Classifs-2026-CIKFIAEuR1-150x276.jpg 150w, https:\/\/xavierlazaro.com\/wp-content\/uploads\/2026\/04\/Classifs-2026-CIKFIAEuR1-300x551.jpg 300w\" sizes=\"auto, (max-width: 338px) 100vw, 338px\" \/><\/figure>\n<\/div>\n<\/div>\n\n\n\n<div class=\"wp-block-columns is-layout-flex wp-container-core-columns-is-layout-9d6595d7 wp-block-columns-is-layout-flex\">\n<div class=\"wp-block-column is-layout-flow wp-block-column-is-layout-flow\" style=\"flex-basis:66.66%\">\n<figure class=\"wp-block-image size-large\"><img loading=\"lazy\" decoding=\"async\" width=\"1024\" height=\"576\" src=\"https:\/\/xavierlazaro.com\/wp-content\/uploads\/2026\/04\/2026ResultsCOTFR1LaConca-1024x576.jpg\" alt=\"\" class=\"wp-image-6071\" srcset=\"https:\/\/xavierlazaro.com\/wp-content\/uploads\/2026\/04\/2026ResultsCOTFR1LaConca-1024x576.jpg 1024w, https:\/\/xavierlazaro.com\/wp-content\/uploads\/2026\/04\/2026ResultsCOTFR1LaConca-300x169.jpg 300w, https:\/\/xavierlazaro.com\/wp-content\/uploads\/2026\/04\/2026ResultsCOTFR1LaConca-768x432.jpg 768w, https:\/\/xavierlazaro.com\/wp-content\/uploads\/2026\/04\/2026ResultsCOTFR1LaConca-1536x864.jpg 1536w, https:\/\/xavierlazaro.com\/wp-content\/uploads\/2026\/04\/2026ResultsCOTFR1LaConca-18x10.jpg 18w, https:\/\/xavierlazaro.com\/wp-content\/uploads\/2026\/04\/2026ResultsCOTFR1LaConca-747x420.jpg 747w, https:\/\/xavierlazaro.com\/wp-content\/uploads\/2026\/04\/2026ResultsCOTFR1LaConca-150x84.jpg 150w, https:\/\/xavierlazaro.com\/wp-content\/uploads\/2026\/04\/2026ResultsCOTFR1LaConca-696x392.jpg 696w, https:\/\/xavierlazaro.com\/wp-content\/uploads\/2026\/04\/2026ResultsCOTFR1LaConca-1068x601.jpg 1068w, https:\/\/xavierlazaro.com\/wp-content\/uploads\/2026\/04\/2026ResultsCOTFR1LaConca.jpg 1920w\" sizes=\"auto, (max-width: 1024px) 100vw, 1024px\" \/><\/figure>\n\n\n\n<p class=\"has-text-align-center\"><strong>I\u2019m Ready for the European Championship<\/strong><\/p>\n\n\n\n<p>I competed in the opening round of the Champions of the Future, and my main objective was fully achieved: to prepare in the best possible way for my participation in the opening round of the FIA Karting European Championship.\n\nAt La Conca, I struggled in Qualifying, but in the Qualifying Heats I managed to overcome the difficulties and show my true potential. I did the same again in the Super Heat, before being excluded from the OK Junior Final due to an alleged irregularity.<\/p>\n<\/div>\n\n\n\n<div class=\"wp-block-column is-layout-flow wp-block-column-is-layout-flow\" style=\"flex-basis:33.33%\">\n<figure class=\"wp-block-image size-full\"><img loading=\"lazy\" decoding=\"async\" width=\"338\" height=\"621\" src=\"https:\/\/xavierlazaro.com\/wp-content\/uploads\/2026\/04\/Classifs-2026-COTFR1LaConca.jpg\" alt=\"\" class=\"wp-image-6069\" srcset=\"https:\/\/xavierlazaro.com\/wp-content\/uploads\/2026\/04\/Classifs-2026-COTFR1LaConca.jpg 338w, https:\/\/xavierlazaro.com\/wp-content\/uploads\/2026\/04\/Classifs-2026-COTFR1LaConca-163x300.jpg 163w, https:\/\/xavierlazaro.com\/wp-content\/uploads\/2026\/04\/Classifs-2026-COTFR1LaConca-7x12.jpg 7w, https:\/\/xavierlazaro.com\/wp-content\/uploads\/2026\/04\/Classifs-2026-COTFR1LaConca-229x420.jpg 229w, https:\/\/xavierlazaro.com\/wp-content\/uploads\/2026\/04\/Classifs-2026-COTFR1LaConca-150x276.jpg 150w, https:\/\/xavierlazaro.com\/wp-content\/uploads\/2026\/04\/Classifs-2026-COTFR1LaConca-300x551.jpg 300w\" sizes=\"auto, (max-width: 338px) 100vw, 338px\" \/><\/figure>\n<\/div>\n<\/div>\n\n\n\n<div class=\"wp-block-columns is-layout-flex wp-container-core-columns-is-layout-9d6595d7 wp-block-columns-is-layout-flex\">\n<div class=\"wp-block-column is-layout-flow wp-block-column-is-layout-flow\" style=\"flex-basis:66.66%\">\n<figure class=\"wp-block-image size-large\"><img loading=\"lazy\" decoding=\"async\" width=\"1024\" height=\"576\" src=\"https:\/\/xavierlazaro.com\/wp-content\/uploads\/2026\/03\/2026ResultsWSKSMSR4-1024x576.jpg\" alt=\"\" class=\"wp-image-6024\" srcset=\"https:\/\/xavierlazaro.com\/wp-content\/uploads\/2026\/03\/2026ResultsWSKSMSR4-1024x576.jpg 1024w, https:\/\/xavierlazaro.com\/wp-content\/uploads\/2026\/03\/2026ResultsWSKSMSR4-300x169.jpg 300w, https:\/\/xavierlazaro.com\/wp-content\/uploads\/2026\/03\/2026ResultsWSKSMSR4-768x432.jpg 768w, https:\/\/xavierlazaro.com\/wp-content\/uploads\/2026\/03\/2026ResultsWSKSMSR4-1536x864.jpg 1536w, https:\/\/xavierlazaro.com\/wp-content\/uploads\/2026\/03\/2026ResultsWSKSMSR4-18x10.jpg 18w, https:\/\/xavierlazaro.com\/wp-content\/uploads\/2026\/03\/2026ResultsWSKSMSR4-747x420.jpg 747w, https:\/\/xavierlazaro.com\/wp-content\/uploads\/2026\/03\/2026ResultsWSKSMSR4-150x84.jpg 150w, https:\/\/xavierlazaro.com\/wp-content\/uploads\/2026\/03\/2026ResultsWSKSMSR4-696x392.jpg 696w, https:\/\/xavierlazaro.com\/wp-content\/uploads\/2026\/03\/2026ResultsWSKSMSR4-1068x601.jpg 1068w, https:\/\/xavierlazaro.com\/wp-content\/uploads\/2026\/03\/2026ResultsWSKSMSR4.jpg 1920w\" sizes=\"auto, (max-width: 1024px) 100vw, 1024px\" \/><\/figure>\n\n\n\n<p class=\"has-text-align-center\"><strong>Never Give Up<\/strong><\/p>\n\n\n\n<p>The fourth round of the WSK Super Master Series started very badly for me \u2014 I was spun around twice by rivals and in the last incident I had to retire. That made reaching the Final very difficult, but I kept fighting, overcame the setbacks, and achieved my objective.\nI had a great Pre-Final, and if there is one lesson to take from this weekend, it\u2019s that I am getting stronger and stronger, both physically and mentally.<\/p>\n<\/div>\n\n\n\n<div class=\"wp-block-column is-layout-flow wp-block-column-is-layout-flow\" style=\"flex-basis:33.33%\">\n<figure class=\"wp-block-image size-full\"><img loading=\"lazy\" decoding=\"async\" width=\"338\" height=\"621\" src=\"https:\/\/xavierlazaro.com\/wp-content\/uploads\/2026\/03\/Classifs-2026-WSKSMSR4Lonato.jpg\" alt=\"\" class=\"wp-image-6023\" srcset=\"https:\/\/xavierlazaro.com\/wp-content\/uploads\/2026\/03\/Classifs-2026-WSKSMSR4Lonato.jpg 338w, https:\/\/xavierlazaro.com\/wp-content\/uploads\/2026\/03\/Classifs-2026-WSKSMSR4Lonato-163x300.jpg 163w, https:\/\/xavierlazaro.com\/wp-content\/uploads\/2026\/03\/Classifs-2026-WSKSMSR4Lonato-7x12.jpg 7w, https:\/\/xavierlazaro.com\/wp-content\/uploads\/2026\/03\/Classifs-2026-WSKSMSR4Lonato-229x420.jpg 229w, https:\/\/xavierlazaro.com\/wp-content\/uploads\/2026\/03\/Classifs-2026-WSKSMSR4Lonato-150x276.jpg 150w, https:\/\/xavierlazaro.com\/wp-content\/uploads\/2026\/03\/Classifs-2026-WSKSMSR4Lonato-300x551.jpg 300w\" sizes=\"auto, (max-width: 338px) 100vw, 338px\" \/><\/figure>\n<\/div>\n<\/div>\n\n\n\n<div class=\"wp-block-columns is-layout-flex wp-container-core-columns-is-layout-9d6595d7 wp-block-columns-is-layout-flex\">\n<div class=\"wp-block-column is-layout-flow wp-block-column-is-layout-flow\" style=\"flex-basis:66.66%\">\n<figure class=\"wp-block-image size-large\"><img loading=\"lazy\" decoding=\"async\" width=\"1024\" height=\"576\" src=\"https:\/\/xavierlazaro.com\/wp-content\/uploads\/2026\/02\/2026ResultsWSKSMSR3-1024x576.jpg\" alt=\"\" class=\"wp-image-5984\" srcset=\"https:\/\/xavierlazaro.com\/wp-content\/uploads\/2026\/02\/2026ResultsWSKSMSR3-1024x576.jpg 1024w, https:\/\/xavierlazaro.com\/wp-content\/uploads\/2026\/02\/2026ResultsWSKSMSR3-300x169.jpg 300w, https:\/\/xavierlazaro.com\/wp-content\/uploads\/2026\/02\/2026ResultsWSKSMSR3-768x432.jpg 768w, https:\/\/xavierlazaro.com\/wp-content\/uploads\/2026\/02\/2026ResultsWSKSMSR3-1536x864.jpg 1536w, https:\/\/xavierlazaro.com\/wp-content\/uploads\/2026\/02\/2026ResultsWSKSMSR3-18x10.jpg 18w, https:\/\/xavierlazaro.com\/wp-content\/uploads\/2026\/02\/2026ResultsWSKSMSR3-747x420.jpg 747w, https:\/\/xavierlazaro.com\/wp-content\/uploads\/2026\/02\/2026ResultsWSKSMSR3-150x84.jpg 150w, https:\/\/xavierlazaro.com\/wp-content\/uploads\/2026\/02\/2026ResultsWSKSMSR3-696x392.jpg 696w, https:\/\/xavierlazaro.com\/wp-content\/uploads\/2026\/02\/2026ResultsWSKSMSR3-1068x601.jpg 1068w, https:\/\/xavierlazaro.com\/wp-content\/uploads\/2026\/02\/2026ResultsWSKSMSR3.jpg 1920w\" sizes=\"auto, (max-width: 1024px) 100vw, 1024px\" \/><\/figure>\n\n\n\n<p class=\"has-text-align-center\"><strong>Very Positive Weekend<\/strong><\/p>\n\n\n\n<p>Everything worked perfectly on this new visit to the Leopard Circuit Viterbo. The team did a great job, the equipment lived up to expectations, and I fulfilled my mission of delivering my best performance on track.\nStrong in Qualifying, efficient and competitive in the heats, I reached the front positions in the Pre-Final and held my ground there. In the Final, I was close to fighting for a top-five finish, but on the last lap I was unlucky and lost positions. Even so, I\u2019m very happy with the performance.<\/p>\n<\/div>\n\n\n\n<div class=\"wp-block-column is-layout-flow wp-block-column-is-layout-flow\" style=\"flex-basis:33.33%\">\n<figure class=\"wp-block-image size-full\"><img loading=\"lazy\" decoding=\"async\" width=\"338\" height=\"621\" src=\"https:\/\/xavierlazaro.com\/wp-content\/uploads\/2026\/02\/Classifs-2026-WSKSMSR3Viterbo.jpg\" alt=\"\" class=\"wp-image-5982\" srcset=\"https:\/\/xavierlazaro.com\/wp-content\/uploads\/2026\/02\/Classifs-2026-WSKSMSR3Viterbo.jpg 338w, https:\/\/xavierlazaro.com\/wp-content\/uploads\/2026\/02\/Classifs-2026-WSKSMSR3Viterbo-163x300.jpg 163w, https:\/\/xavierlazaro.com\/wp-content\/uploads\/2026\/02\/Classifs-2026-WSKSMSR3Viterbo-7x12.jpg 7w, https:\/\/xavierlazaro.com\/wp-content\/uploads\/2026\/02\/Classifs-2026-WSKSMSR3Viterbo-229x420.jpg 229w, https:\/\/xavierlazaro.com\/wp-content\/uploads\/2026\/02\/Classifs-2026-WSKSMSR3Viterbo-150x276.jpg 150w, https:\/\/xavierlazaro.com\/wp-content\/uploads\/2026\/02\/Classifs-2026-WSKSMSR3Viterbo-300x551.jpg 300w\" sizes=\"auto, (max-width: 338px) 100vw, 338px\" \/><\/figure>\n<\/div>\n<\/div>\n\n\n\n<div class=\"wp-block-columns is-layout-flex wp-container-core-columns-is-layout-9d6595d7 wp-block-columns-is-layout-flex\">\n<div class=\"wp-block-column is-layout-flow wp-block-column-is-layout-flow\" style=\"flex-basis:66.66%\">\n<figure class=\"wp-block-image size-large\"><img loading=\"lazy\" decoding=\"async\" width=\"1024\" height=\"576\" src=\"https:\/\/xavierlazaro.com\/wp-content\/uploads\/2026\/02\/2026ResultsWSKESR1-1024x576.jpg\" alt=\"\" class=\"wp-image-5947\" srcset=\"https:\/\/xavierlazaro.com\/wp-content\/uploads\/2026\/02\/2026ResultsWSKESR1-1024x576.jpg 1024w, https:\/\/xavierlazaro.com\/wp-content\/uploads\/2026\/02\/2026ResultsWSKESR1-300x169.jpg 300w, https:\/\/xavierlazaro.com\/wp-content\/uploads\/2026\/02\/2026ResultsWSKESR1-768x432.jpg 768w, https:\/\/xavierlazaro.com\/wp-content\/uploads\/2026\/02\/2026ResultsWSKESR1-1536x864.jpg 1536w, https:\/\/xavierlazaro.com\/wp-content\/uploads\/2026\/02\/2026ResultsWSKESR1-18x10.jpg 18w, https:\/\/xavierlazaro.com\/wp-content\/uploads\/2026\/02\/2026ResultsWSKESR1-747x420.jpg 747w, https:\/\/xavierlazaro.com\/wp-content\/uploads\/2026\/02\/2026ResultsWSKESR1-150x84.jpg 150w, https:\/\/xavierlazaro.com\/wp-content\/uploads\/2026\/02\/2026ResultsWSKESR1-696x392.jpg 696w, https:\/\/xavierlazaro.com\/wp-content\/uploads\/2026\/02\/2026ResultsWSKESR1-1068x601.jpg 1068w, https:\/\/xavierlazaro.com\/wp-content\/uploads\/2026\/02\/2026ResultsWSKESR1.jpg 1920w\" sizes=\"auto, (max-width: 1024px) 100vw, 1024px\" \/><\/figure>\n\n\n\n<p class=\"has-text-align-center\"><strong>Nothing Went Well for Me on the Return to Viterbo<\/strong><\/p>\n\n\n\n<p>The 2026 season isn\u2019t going the way I wanted, and in Viterbo I was once again unable to be happy. Qualifying for the 1st round of the WSK Euro Series didn\u2019t go well. Then, I was involved in an accident in Heat 1 and seized the engine in the following one. I finished 18th in Pre-Final A and now I\u2019m waiting for the next race, also in Cremona, where I hope to turn my competitiveness into results. My focus and desire to compete are at their maximum.<\/p>\n<\/div>\n\n\n\n<div class=\"wp-block-column is-layout-flow wp-block-column-is-layout-flow\" style=\"flex-basis:33.33%\">\n<figure class=\"wp-block-image size-full\"><img loading=\"lazy\" decoding=\"async\" width=\"338\" height=\"621\" src=\"https:\/\/xavierlazaro.com\/wp-content\/uploads\/2026\/02\/Classifs-2026-WSKESR1Viterbo.jpg\" alt=\"\" class=\"wp-image-5946\" srcset=\"https:\/\/xavierlazaro.com\/wp-content\/uploads\/2026\/02\/Classifs-2026-WSKESR1Viterbo.jpg 338w, https:\/\/xavierlazaro.com\/wp-content\/uploads\/2026\/02\/Classifs-2026-WSKESR1Viterbo-163x300.jpg 163w, https:\/\/xavierlazaro.com\/wp-content\/uploads\/2026\/02\/Classifs-2026-WSKESR1Viterbo-7x12.jpg 7w, https:\/\/xavierlazaro.com\/wp-content\/uploads\/2026\/02\/Classifs-2026-WSKESR1Viterbo-229x420.jpg 229w, https:\/\/xavierlazaro.com\/wp-content\/uploads\/2026\/02\/Classifs-2026-WSKESR1Viterbo-150x276.jpg 150w, https:\/\/xavierlazaro.com\/wp-content\/uploads\/2026\/02\/Classifs-2026-WSKESR1Viterbo-300x551.jpg 300w\" sizes=\"auto, (max-width: 338px) 100vw, 338px\" \/><\/figure>\n<\/div>\n<\/div>\n\n\n\n<div class=\"wp-block-columns is-layout-flex wp-container-core-columns-is-layout-9d6595d7 wp-block-columns-is-layout-flex\">\n<div class=\"wp-block-column is-layout-flow wp-block-column-is-layout-flow\" style=\"flex-basis:66.66%\">\n<figure class=\"wp-block-image size-large\"><img loading=\"lazy\" decoding=\"async\" width=\"1024\" height=\"576\" src=\"https:\/\/xavierlazaro.com\/wp-content\/uploads\/2026\/01\/2026ResultsWSKSMSR1-1024x576.jpg\" alt=\"\" class=\"wp-image-5882\" srcset=\"https:\/\/xavierlazaro.com\/wp-content\/uploads\/2026\/01\/2026ResultsWSKSMSR1-1024x576.jpg 1024w, https:\/\/xavierlazaro.com\/wp-content\/uploads\/2026\/01\/2026ResultsWSKSMSR1-300x169.jpg 300w, https:\/\/xavierlazaro.com\/wp-content\/uploads\/2026\/01\/2026ResultsWSKSMSR1-768x432.jpg 768w, https:\/\/xavierlazaro.com\/wp-content\/uploads\/2026\/01\/2026ResultsWSKSMSR1-1536x864.jpg 1536w, https:\/\/xavierlazaro.com\/wp-content\/uploads\/2026\/01\/2026ResultsWSKSMSR1-18x10.jpg 18w, https:\/\/xavierlazaro.com\/wp-content\/uploads\/2026\/01\/2026ResultsWSKSMSR1-747x420.jpg 747w, https:\/\/xavierlazaro.com\/wp-content\/uploads\/2026\/01\/2026ResultsWSKSMSR1-150x84.jpg 150w, https:\/\/xavierlazaro.com\/wp-content\/uploads\/2026\/01\/2026ResultsWSKSMSR1-696x392.jpg 696w, https:\/\/xavierlazaro.com\/wp-content\/uploads\/2026\/01\/2026ResultsWSKSMSR1-1068x601.jpg 1068w, https:\/\/xavierlazaro.com\/wp-content\/uploads\/2026\/01\/2026ResultsWSKSMSR1.jpg 1920w\" sizes=\"auto, (max-width: 1024px) 100vw, 1024px\" \/><\/figure>\n\n\n\n<p class=\"has-text-align-center\"><strong>I Didn\u2019t Start The Season Well<\/strong><\/p>\n\n\n\n<p>After a long break, the season did not start in the best way for me. In La Conca, both the team and I were encouraged by the test results, but during the race weekend everything went the opposite of what we had hoped for. In qualifying and the heats I was never competitive and ended up missing the Final. There are many things to analyze and improve in what is an intense year that has only just begun. <\/p>\n<\/div>\n\n\n\n<div class=\"wp-block-column is-layout-flow wp-block-column-is-layout-flow\" style=\"flex-basis:33.33%\">\n<figure class=\"wp-block-image size-full\"><img loading=\"lazy\" decoding=\"async\" width=\"338\" height=\"621\" src=\"https:\/\/xavierlazaro.com\/wp-content\/uploads\/2026\/01\/Classifs-2026-WSKSMSR1-LaConca.jpg\" alt=\"\" class=\"wp-image-5881\" srcset=\"https:\/\/xavierlazaro.com\/wp-content\/uploads\/2026\/01\/Classifs-2026-WSKSMSR1-LaConca.jpg 338w, https:\/\/xavierlazaro.com\/wp-content\/uploads\/2026\/01\/Classifs-2026-WSKSMSR1-LaConca-163x300.jpg 163w, https:\/\/xavierlazaro.com\/wp-content\/uploads\/2026\/01\/Classifs-2026-WSKSMSR1-LaConca-7x12.jpg 7w, https:\/\/xavierlazaro.com\/wp-content\/uploads\/2026\/01\/Classifs-2026-WSKSMSR1-LaConca-229x420.jpg 229w, https:\/\/xavierlazaro.com\/wp-content\/uploads\/2026\/01\/Classifs-2026-WSKSMSR1-LaConca-150x276.jpg 150w, https:\/\/xavierlazaro.com\/wp-content\/uploads\/2026\/01\/Classifs-2026-WSKSMSR1-LaConca-300x551.jpg 300w\" sizes=\"auto, (max-width: 338px) 100vw, 338px\" \/><\/figure>\n<\/div>\n<\/div>","protected":false},"excerpt":{"rendered":"<p>O Ritmo Est\u00e1 L\u00e1 A minha primeira participa\u00e7\u00e3o numa prova do CIK FIA Karting era h\u00e1 muito aguardada e n\u00e3o me desiludiu. O meu ritmo foi sempre bom e o meu equipamento esteve sempre competitivo. Fiz bons resultados mas numa das eliminat\u00f3rias as coisas n\u00e3o me correram bem e isso for\u00e7ou-me a largar atr\u00e1s na [&hellip;]<\/p>\n","protected":false},"author":1,"featured_media":0,"parent":0,"menu_order":0,"comment_status":"closed","ping_status":"closed","template":"","meta":{"_monsterinsights_skip_tracking":false,"_monsterinsights_sitenote_active":false,"_monsterinsights_sitenote_note":"","_monsterinsights_sitenote_category":0,"_uf_show_specific_survey":0,"_uf_disable_surveys":false,"footnotes":""},"class_list":["post-5879","page","type-page","status-publish"],"aioseo_notices":[],"amp_enabled":true,"_links":{"self":[{"href":"https:\/\/xavierlazaro.com\/en\/wp-json\/wp\/v2\/pages\/5879","targetHints":{"allow":["GET"]}}],"collection":[{"href":"https:\/\/xavierlazaro.com\/en\/wp-json\/wp\/v2\/pages"}],"about":[{"href":"https:\/\/xavierlazaro.com\/en\/wp-json\/wp\/v2\/types\/page"}],"author":[{"embeddable":true,"href":"https:\/\/xavierlazaro.com\/en\/wp-json\/wp\/v2\/users\/1"}],"replies":[{"embeddable":true,"href":"https:\/\/xavierlazaro.com\/en\/wp-json\/wp\/v2\/comments?post=5879"}],"version-history":[{"count":8,"href":"https:\/\/xavierlazaro.com\/en\/wp-json\/wp\/v2\/pages\/5879\/revisions"}],"predecessor-version":[{"id":6127,"href":"https:\/\/xavierlazaro.com\/en\/wp-json\/wp\/v2\/pages\/5879\/revisions\/6127"}],"wp:attachment":[{"href":"https:\/\/xavierlazaro.com\/en\/wp-json\/wp\/v2\/media?parent=5879"}],"curies":[{"name":"wp","href":"https:\/\/api.w.org\/{rel}","templated":true}]}}