{"id":1430,"date":"2022-02-21T17:21:35","date_gmt":"2022-02-21T17:21:35","guid":{"rendered":"https:\/\/xavierlazaro.com\/?page_id=1430"},"modified":"2022-02-22T16:39:15","modified_gmt":"2022-02-22T16:39:15","slug":"resultados-2021","status":"publish","type":"page","link":"https:\/\/xavierlazaro.com\/en\/resultados-2021\/","title":{"rendered":"Results 2021"},"content":{"rendered":"<figure class=\"wp-block-image alignwide size-full is-style-rounded\"><img loading=\"lazy\" decoding=\"async\" width=\"800\" height=\"300\" src=\"https:\/\/xavierlazaro.com\/wp-content\/uploads\/2021\/04\/MuralResultados4.jpg\" alt=\"\" class=\"wp-image-766\" srcset=\"https:\/\/xavierlazaro.com\/wp-content\/uploads\/2021\/04\/MuralResultados4.jpg 800w, https:\/\/xavierlazaro.com\/wp-content\/uploads\/2021\/04\/MuralResultados4-300x113.jpg 300w, https:\/\/xavierlazaro.com\/wp-content\/uploads\/2021\/04\/MuralResultados4-768x288.jpg 768w, https:\/\/xavierlazaro.com\/wp-content\/uploads\/2021\/04\/MuralResultados4-150x56.jpg 150w, https:\/\/xavierlazaro.com\/wp-content\/uploads\/2021\/04\/MuralResultados4-696x261.jpg 696w\" sizes=\"auto, (max-width: 800px) 100vw, 800px\" \/><\/figure>\n\n\n\n<div class=\"wp-block-columns is-layout-flex wp-container-core-columns-is-layout-9d6595d7 wp-block-columns-is-layout-flex\">\n<div class=\"wp-block-column is-layout-flow wp-block-column-is-layout-flow\" style=\"flex-basis:66.66%\"><\/div>\n\n\n\n<div class=\"wp-block-column is-layout-flow wp-block-column-is-layout-flow\" style=\"flex-basis:33.33%\"><\/div>\n<\/div>\n\n\n\n<div class=\"wp-block-columns is-layout-flex wp-container-core-columns-is-layout-9d6595d7 wp-block-columns-is-layout-flex\">\n<div class=\"wp-block-column is-layout-flow wp-block-column-is-layout-flow\" style=\"flex-basis:66.66%\">\n<figure class=\"wp-block-image size-large\"><img loading=\"lazy\" decoding=\"async\" width=\"1024\" height=\"576\" src=\"https:\/\/xavierlazaro.com\/wp-content\/uploads\/2022\/02\/2021ResultsTrofeoSenna-1024x576.jpg\" alt=\"\" class=\"wp-image-1446\" srcset=\"https:\/\/xavierlazaro.com\/wp-content\/uploads\/2022\/02\/2021ResultsTrofeoSenna-1024x576.jpg 1024w, https:\/\/xavierlazaro.com\/wp-content\/uploads\/2022\/02\/2021ResultsTrofeoSenna-300x169.jpg 300w, https:\/\/xavierlazaro.com\/wp-content\/uploads\/2022\/02\/2021ResultsTrofeoSenna-768x432.jpg 768w, https:\/\/xavierlazaro.com\/wp-content\/uploads\/2022\/02\/2021ResultsTrofeoSenna-1536x864.jpg 1536w, https:\/\/xavierlazaro.com\/wp-content\/uploads\/2022\/02\/2021ResultsTrofeoSenna-150x84.jpg 150w, https:\/\/xavierlazaro.com\/wp-content\/uploads\/2022\/02\/2021ResultsTrofeoSenna-696x392.jpg 696w, https:\/\/xavierlazaro.com\/wp-content\/uploads\/2022\/02\/2021ResultsTrofeoSenna-1068x601.jpg 1068w, https:\/\/xavierlazaro.com\/wp-content\/uploads\/2022\/02\/2021ResultsTrofeoSenna-747x420.jpg 747w, https:\/\/xavierlazaro.com\/wp-content\/uploads\/2022\/02\/2021ResultsTrofeoSenna.jpg 1920w\" sizes=\"auto, (max-width: 1024px) 100vw, 1024px\" \/><\/figure>\n\n\n\n<p class=\"has-text-align-center\"><strong>Ayrton Senna Karting Trophy<\/strong><\/p>\n\n\n\n<p>In December, as if in the form of an early Christmas present, I also raced the Trofeo Karting Ayrton Senna, an event with great tradition in Italy, which takes place at the Circuito Internazionale Napoli in Sarno. The aim was again to gain experience, which happened as the difficult weather conditions of the race allowed me to drive on the track under heavy rain.<\/p>\n<\/div>\n\n\n\n<div class=\"wp-block-column is-layout-flow wp-block-column-is-layout-flow\" style=\"flex-basis:33.33%\">\n<figure class=\"wp-block-image size-full\"><img loading=\"lazy\" decoding=\"async\" width=\"338\" height=\"621\" src=\"https:\/\/xavierlazaro.com\/wp-content\/uploads\/2022\/02\/Classif2021TASSarno.jpg\" alt=\"\" class=\"wp-image-1445\" srcset=\"https:\/\/xavierlazaro.com\/wp-content\/uploads\/2022\/02\/Classif2021TASSarno.jpg 338w, https:\/\/xavierlazaro.com\/wp-content\/uploads\/2022\/02\/Classif2021TASSarno-163x300.jpg 163w, https:\/\/xavierlazaro.com\/wp-content\/uploads\/2022\/02\/Classif2021TASSarno-150x276.jpg 150w, https:\/\/xavierlazaro.com\/wp-content\/uploads\/2022\/02\/Classif2021TASSarno-300x551.jpg 300w, https:\/\/xavierlazaro.com\/wp-content\/uploads\/2022\/02\/Classif2021TASSarno-229x420.jpg 229w\" sizes=\"auto, (max-width: 338px) 100vw, 338px\" \/><\/figure>\n<\/div>\n<\/div>\n\n\n\n<div class=\"wp-block-columns is-layout-flex wp-container-core-columns-is-layout-9d6595d7 wp-block-columns-is-layout-flex\">\n<div class=\"wp-block-column is-layout-flow wp-block-column-is-layout-flow\" style=\"flex-basis:66.66%\">\n<figure class=\"wp-block-image size-large\"><img loading=\"lazy\" decoding=\"async\" width=\"1024\" height=\"576\" src=\"https:\/\/xavierlazaro.com\/wp-content\/uploads\/2022\/02\/2021ResultsWSKFcAdriia-1024x576.jpg\" alt=\"\" class=\"wp-image-1440\" srcset=\"https:\/\/xavierlazaro.com\/wp-content\/uploads\/2022\/02\/2021ResultsWSKFcAdriia-1024x576.jpg 1024w, https:\/\/xavierlazaro.com\/wp-content\/uploads\/2022\/02\/2021ResultsWSKFcAdriia-300x169.jpg 300w, https:\/\/xavierlazaro.com\/wp-content\/uploads\/2022\/02\/2021ResultsWSKFcAdriia-768x432.jpg 768w, https:\/\/xavierlazaro.com\/wp-content\/uploads\/2022\/02\/2021ResultsWSKFcAdriia-1536x864.jpg 1536w, https:\/\/xavierlazaro.com\/wp-content\/uploads\/2022\/02\/2021ResultsWSKFcAdriia-150x84.jpg 150w, https:\/\/xavierlazaro.com\/wp-content\/uploads\/2022\/02\/2021ResultsWSKFcAdriia-696x392.jpg 696w, https:\/\/xavierlazaro.com\/wp-content\/uploads\/2022\/02\/2021ResultsWSKFcAdriia-1068x601.jpg 1068w, https:\/\/xavierlazaro.com\/wp-content\/uploads\/2022\/02\/2021ResultsWSKFcAdriia-747x420.jpg 747w, https:\/\/xavierlazaro.com\/wp-content\/uploads\/2022\/02\/2021ResultsWSKFcAdriia.jpg 1920w\" sizes=\"auto, (max-width: 1024px) 100vw, 1024px\" \/><\/figure>\n\n\n\n<p class=\"has-text-align-center\"><strong>My First Challenge on the International Scene<\/strong><\/p>\n\n\n\n<p>For my commitment in the first season of X30 Mini, I was rewarded with attending my first international event. In Adria, I participated in the WSK Final Cup. I was the smallest of all 127 entries in the Mini class. My presence was entirely focused on gaining experience and learning, for a possible future more frequent participation in international events. In my first international competition, I debuted behind the wheel of a DR.<\/p>\n<\/div>\n\n\n\n<div class=\"wp-block-column is-layout-flow wp-block-column-is-layout-flow\" style=\"flex-basis:33.33%\">\n<figure class=\"wp-block-image size-full\"><img loading=\"lazy\" decoding=\"async\" width=\"338\" height=\"621\" src=\"https:\/\/xavierlazaro.com\/wp-content\/uploads\/2022\/02\/Classif2021WSKFCAdria.jpg\" alt=\"\" class=\"wp-image-1441\" srcset=\"https:\/\/xavierlazaro.com\/wp-content\/uploads\/2022\/02\/Classif2021WSKFCAdria.jpg 338w, https:\/\/xavierlazaro.com\/wp-content\/uploads\/2022\/02\/Classif2021WSKFCAdria-163x300.jpg 163w, https:\/\/xavierlazaro.com\/wp-content\/uploads\/2022\/02\/Classif2021WSKFCAdria-150x276.jpg 150w, https:\/\/xavierlazaro.com\/wp-content\/uploads\/2022\/02\/Classif2021WSKFCAdria-300x551.jpg 300w, https:\/\/xavierlazaro.com\/wp-content\/uploads\/2022\/02\/Classif2021WSKFCAdria-229x420.jpg 229w\" sizes=\"auto, (max-width: 338px) 100vw, 338px\" \/><\/figure>\n<\/div>\n<\/div>\n\n\n\n<div class=\"wp-block-columns is-layout-flex wp-container-core-columns-is-layout-9d6595d7 wp-block-columns-is-layout-flex\">\n<div class=\"wp-block-column is-layout-flow wp-block-column-is-layout-flow\" style=\"flex-basis:66.66%\">\n<figure class=\"wp-block-image size-large\"><img loading=\"lazy\" decoding=\"async\" width=\"1024\" height=\"576\" src=\"https:\/\/xavierlazaro.com\/wp-content\/uploads\/2021\/11\/2021ResultadosTPKLeiria-1024x576.jpg\" alt=\"\" class=\"wp-image-1116\" srcset=\"https:\/\/xavierlazaro.com\/wp-content\/uploads\/2021\/11\/2021ResultadosTPKLeiria-1024x576.jpg 1024w, https:\/\/xavierlazaro.com\/wp-content\/uploads\/2021\/11\/2021ResultadosTPKLeiria-300x169.jpg 300w, https:\/\/xavierlazaro.com\/wp-content\/uploads\/2021\/11\/2021ResultadosTPKLeiria-768x432.jpg 768w, https:\/\/xavierlazaro.com\/wp-content\/uploads\/2021\/11\/2021ResultadosTPKLeiria-1536x864.jpg 1536w, https:\/\/xavierlazaro.com\/wp-content\/uploads\/2021\/11\/2021ResultadosTPKLeiria-150x84.jpg 150w, https:\/\/xavierlazaro.com\/wp-content\/uploads\/2021\/11\/2021ResultadosTPKLeiria-696x392.jpg 696w, https:\/\/xavierlazaro.com\/wp-content\/uploads\/2021\/11\/2021ResultadosTPKLeiria-1068x601.jpg 1068w, https:\/\/xavierlazaro.com\/wp-content\/uploads\/2021\/11\/2021ResultadosTPKLeiria-747x420.jpg 747w, https:\/\/xavierlazaro.com\/wp-content\/uploads\/2021\/11\/2021ResultadosTPKLeiria.jpg 1920w\" sizes=\"auto, (max-width: 1024px) 100vw, 1024px\" \/><\/figure>\n\n\n\n<p class=\"has-text-align-center\"><strong>Overcoming Difficulties is Part of Growing<\/strong><\/p>\n\n\n\n<p>In my last race of the season in Portugal, I started by not being happy, losing my best engine in free practice. Having to resort to the second option in competitive terms, I knew how to work with the team to give the best of myself and managed to get the most out of a set with some limitations. The end result ends up not reflecting my good performance. I feel myself improving every time I go out on the track.<\/p>\n<\/div>\n\n\n\n<div class=\"wp-block-column is-layout-flow wp-block-column-is-layout-flow\" style=\"flex-basis:33.33%\">\n<figure class=\"wp-block-image size-full\"><img loading=\"lazy\" decoding=\"async\" width=\"338\" height=\"621\" src=\"https:\/\/xavierlazaro.com\/wp-content\/uploads\/2021\/11\/Classif-2021-TPK-Leiria.jpg\" alt=\"\" class=\"wp-image-1117\" srcset=\"https:\/\/xavierlazaro.com\/wp-content\/uploads\/2021\/11\/Classif-2021-TPK-Leiria.jpg 338w, https:\/\/xavierlazaro.com\/wp-content\/uploads\/2021\/11\/Classif-2021-TPK-Leiria-163x300.jpg 163w, https:\/\/xavierlazaro.com\/wp-content\/uploads\/2021\/11\/Classif-2021-TPK-Leiria-150x276.jpg 150w, https:\/\/xavierlazaro.com\/wp-content\/uploads\/2021\/11\/Classif-2021-TPK-Leiria-300x551.jpg 300w, https:\/\/xavierlazaro.com\/wp-content\/uploads\/2021\/11\/Classif-2021-TPK-Leiria-229x420.jpg 229w\" sizes=\"auto, (max-width: 338px) 100vw, 338px\" \/><\/figure>\n<\/div>\n<\/div>\n\n\n\n<div class=\"wp-block-columns is-layout-flex wp-container-core-columns-is-layout-9d6595d7 wp-block-columns-is-layout-flex\">\n<div class=\"wp-block-column is-layout-flow wp-block-column-is-layout-flow\" style=\"flex-basis:66.66%\">\n<figure class=\"wp-block-image size-large\"><img loading=\"lazy\" decoding=\"async\" width=\"1024\" height=\"576\" src=\"https:\/\/xavierlazaro.com\/wp-content\/uploads\/2021\/10\/2021ResultsCPKBraga-1024x576.jpg\" alt=\"\" class=\"wp-image-1034\" srcset=\"https:\/\/xavierlazaro.com\/wp-content\/uploads\/2021\/10\/2021ResultsCPKBraga-1024x576.jpg 1024w, https:\/\/xavierlazaro.com\/wp-content\/uploads\/2021\/10\/2021ResultsCPKBraga-300x169.jpg 300w, https:\/\/xavierlazaro.com\/wp-content\/uploads\/2021\/10\/2021ResultsCPKBraga-768x432.jpg 768w, https:\/\/xavierlazaro.com\/wp-content\/uploads\/2021\/10\/2021ResultsCPKBraga-1536x864.jpg 1536w, https:\/\/xavierlazaro.com\/wp-content\/uploads\/2021\/10\/2021ResultsCPKBraga-150x84.jpg 150w, https:\/\/xavierlazaro.com\/wp-content\/uploads\/2021\/10\/2021ResultsCPKBraga-696x392.jpg 696w, https:\/\/xavierlazaro.com\/wp-content\/uploads\/2021\/10\/2021ResultsCPKBraga-1068x601.jpg 1068w, https:\/\/xavierlazaro.com\/wp-content\/uploads\/2021\/10\/2021ResultsCPKBraga-747x420.jpg 747w, https:\/\/xavierlazaro.com\/wp-content\/uploads\/2021\/10\/2021ResultsCPKBraga.jpg 1920w\" sizes=\"auto, (max-width: 1024px) 100vw, 1024px\" \/><\/figure>\n\n\n\n<p class=\"has-text-align-center\"><strong>Always Growing<\/strong><\/p>\n\n\n\n<p>Reflecting a successful learning season, I had my best performance in the final round of the Portuguese KIA Karting Championship. The work in the entire environment that surrounded me was well done allowing me to intelligently absorb all the information, to materialize my growing competitiveness in the X30 Mini class on the Braga track. At eight years old, I feel increasingly competitive in the X30 Mini kart.<\/p>\n<\/div>\n\n\n\n<div class=\"wp-block-column is-layout-flow wp-block-column-is-layout-flow\" style=\"flex-basis:33.33%\">\n<figure class=\"wp-block-image size-full\"><img loading=\"lazy\" decoding=\"async\" width=\"338\" height=\"621\" src=\"https:\/\/xavierlazaro.com\/wp-content\/uploads\/2021\/10\/Classif-2021-CPK-Braga.jpg\" alt=\"\" class=\"wp-image-1032\" srcset=\"https:\/\/xavierlazaro.com\/wp-content\/uploads\/2021\/10\/Classif-2021-CPK-Braga.jpg 338w, https:\/\/xavierlazaro.com\/wp-content\/uploads\/2021\/10\/Classif-2021-CPK-Braga-163x300.jpg 163w, https:\/\/xavierlazaro.com\/wp-content\/uploads\/2021\/10\/Classif-2021-CPK-Braga-150x276.jpg 150w, https:\/\/xavierlazaro.com\/wp-content\/uploads\/2021\/10\/Classif-2021-CPK-Braga-300x551.jpg 300w, https:\/\/xavierlazaro.com\/wp-content\/uploads\/2021\/10\/Classif-2021-CPK-Braga-229x420.jpg 229w\" sizes=\"auto, (max-width: 338px) 100vw, 338px\" \/><\/figure>\n<\/div>\n<\/div>\n\n\n\n<div class=\"wp-block-columns is-layout-flex wp-container-core-columns-is-layout-9d6595d7 wp-block-columns-is-layout-flex\">\n<div class=\"wp-block-column is-layout-flow wp-block-column-is-layout-flow\" style=\"flex-basis:66.66%\">\n<figure class=\"wp-block-image size-large\"><img loading=\"lazy\" decoding=\"async\" width=\"1024\" height=\"576\" src=\"https:\/\/xavierlazaro.com\/wp-content\/uploads\/2021\/09\/2021ResultsCPLBombarralMini-1024x576.jpg\" alt=\"\" class=\"wp-image-979\" srcset=\"https:\/\/xavierlazaro.com\/wp-content\/uploads\/2021\/09\/2021ResultsCPLBombarralMini-1024x576.jpg 1024w, https:\/\/xavierlazaro.com\/wp-content\/uploads\/2021\/09\/2021ResultsCPLBombarralMini-300x169.jpg 300w, https:\/\/xavierlazaro.com\/wp-content\/uploads\/2021\/09\/2021ResultsCPLBombarralMini-768x432.jpg 768w, https:\/\/xavierlazaro.com\/wp-content\/uploads\/2021\/09\/2021ResultsCPLBombarralMini-1536x864.jpg 1536w, https:\/\/xavierlazaro.com\/wp-content\/uploads\/2021\/09\/2021ResultsCPLBombarralMini-150x84.jpg 150w, https:\/\/xavierlazaro.com\/wp-content\/uploads\/2021\/09\/2021ResultsCPLBombarralMini-696x392.jpg 696w, https:\/\/xavierlazaro.com\/wp-content\/uploads\/2021\/09\/2021ResultsCPLBombarralMini-1068x601.jpg 1068w, https:\/\/xavierlazaro.com\/wp-content\/uploads\/2021\/09\/2021ResultsCPLBombarralMini-747x420.jpg 747w, https:\/\/xavierlazaro.com\/wp-content\/uploads\/2021\/09\/2021ResultsCPLBombarralMini.jpg 1920w\" sizes=\"auto, (max-width: 1024px) 100vw, 1024px\" \/><\/figure>\n\n\n\n<p class=\"has-text-align-center\"><strong>Ever Stronger<\/strong><\/p>\n\n\n\n<p>Another weekend in the first season of the X30 Mini class in the KIA Karting Portuguese Championship. The Bombarral race was useful to consolidate my growing maturity. As a young driver I keep showing enormous progress. Am stronger and more confident, with an increasingly consistent pace, competing for positions with more experienced opponents. I am absorbing the entire source of learning.<\/p>\n<\/div>\n\n\n\n<div class=\"wp-block-column is-layout-flow wp-block-column-is-layout-flow\" style=\"flex-basis:33.33%\">\n<figure class=\"wp-block-image size-full\"><img loading=\"lazy\" decoding=\"async\" width=\"338\" height=\"621\" src=\"https:\/\/xavierlazaro.com\/wp-content\/uploads\/2021\/09\/Classif-2021-CPK-Bombarral.jpg\" alt=\"\" class=\"wp-image-981\" srcset=\"https:\/\/xavierlazaro.com\/wp-content\/uploads\/2021\/09\/Classif-2021-CPK-Bombarral.jpg 338w, https:\/\/xavierlazaro.com\/wp-content\/uploads\/2021\/09\/Classif-2021-CPK-Bombarral-163x300.jpg 163w, https:\/\/xavierlazaro.com\/wp-content\/uploads\/2021\/09\/Classif-2021-CPK-Bombarral-150x276.jpg 150w, https:\/\/xavierlazaro.com\/wp-content\/uploads\/2021\/09\/Classif-2021-CPK-Bombarral-300x551.jpg 300w, https:\/\/xavierlazaro.com\/wp-content\/uploads\/2021\/09\/Classif-2021-CPK-Bombarral-229x420.jpg 229w\" sizes=\"auto, (max-width: 338px) 100vw, 338px\" \/><\/figure>\n<\/div>\n<\/div>\n\n\n\n<div class=\"wp-block-columns is-layout-flex wp-container-core-columns-is-layout-9d6595d7 wp-block-columns-is-layout-flex\">\n<div class=\"wp-block-column is-layout-flow wp-block-column-is-layout-flow\" style=\"flex-basis:66.66%\">\n<figure class=\"wp-block-image size-large\"><img loading=\"lazy\" decoding=\"async\" width=\"1024\" height=\"576\" src=\"https:\/\/xavierlazaro.com\/wp-content\/uploads\/2021\/06\/2021ResultsCPKBaltarMini-1024x576.jpg\" alt=\"\" class=\"wp-image-899\" srcset=\"https:\/\/xavierlazaro.com\/wp-content\/uploads\/2021\/06\/2021ResultsCPKBaltarMini-1024x576.jpg 1024w, https:\/\/xavierlazaro.com\/wp-content\/uploads\/2021\/06\/2021ResultsCPKBaltarMini-300x169.jpg 300w, https:\/\/xavierlazaro.com\/wp-content\/uploads\/2021\/06\/2021ResultsCPKBaltarMini-768x432.jpg 768w, https:\/\/xavierlazaro.com\/wp-content\/uploads\/2021\/06\/2021ResultsCPKBaltarMini-1536x864.jpg 1536w, https:\/\/xavierlazaro.com\/wp-content\/uploads\/2021\/06\/2021ResultsCPKBaltarMini-150x84.jpg 150w, https:\/\/xavierlazaro.com\/wp-content\/uploads\/2021\/06\/2021ResultsCPKBaltarMini-696x392.jpg 696w, https:\/\/xavierlazaro.com\/wp-content\/uploads\/2021\/06\/2021ResultsCPKBaltarMini-1068x601.jpg 1068w, https:\/\/xavierlazaro.com\/wp-content\/uploads\/2021\/06\/2021ResultsCPKBaltarMini-747x420.jpg 747w, https:\/\/xavierlazaro.com\/wp-content\/uploads\/2021\/06\/2021ResultsCPKBaltarMini.jpg 1920w\" sizes=\"auto, (max-width: 1024px) 100vw, 1024px\" \/><\/figure>\n\n\n\n<p class=\"has-text-align-center\"><strong>Learning Continues at a Good Pace<\/strong><\/p>\n\n\n\n<p>In the Baltar round I had ups and downs in my performance. On Sunday I wasn't able to maintain my times around the previous day and in the Final, after an excellent start, in which I gained six positions, I ended up losing my way. I was too aggressive and this is another lesson that I add to my journey this year, totally focused on learning and evolving in a new class. Am increasingly motivated towards the future.<\/p>\n<\/div>\n\n\n\n<div class=\"wp-block-column is-layout-flow wp-block-column-is-layout-flow\" style=\"flex-basis:33.33%\">\n<figure class=\"wp-block-image size-full\"><img loading=\"lazy\" decoding=\"async\" width=\"338\" height=\"621\" src=\"https:\/\/xavierlazaro.com\/wp-content\/uploads\/2021\/06\/Classif-2021CPK-Baltar.jpg\" alt=\"\" class=\"wp-image-901\" srcset=\"https:\/\/xavierlazaro.com\/wp-content\/uploads\/2021\/06\/Classif-2021CPK-Baltar.jpg 338w, https:\/\/xavierlazaro.com\/wp-content\/uploads\/2021\/06\/Classif-2021CPK-Baltar-163x300.jpg 163w, https:\/\/xavierlazaro.com\/wp-content\/uploads\/2021\/06\/Classif-2021CPK-Baltar-150x276.jpg 150w, https:\/\/xavierlazaro.com\/wp-content\/uploads\/2021\/06\/Classif-2021CPK-Baltar-300x551.jpg 300w, https:\/\/xavierlazaro.com\/wp-content\/uploads\/2021\/06\/Classif-2021CPK-Baltar-229x420.jpg 229w\" sizes=\"auto, (max-width: 338px) 100vw, 338px\" \/><\/figure>\n<\/div>\n<\/div>\n\n\n\n<div class=\"wp-block-columns is-layout-flex wp-container-core-columns-is-layout-9d6595d7 wp-block-columns-is-layout-flex\">\n<div class=\"wp-block-column is-layout-flow wp-block-column-is-layout-flow\" style=\"flex-basis:66.66%\">\n<figure class=\"wp-block-image size-full\"><img loading=\"lazy\" decoding=\"async\" width=\"691\" height=\"388\" src=\"https:\/\/xavierlazaro.com\/wp-content\/uploads\/2021\/05\/2021ResultsCPKLeiria1Mini.jpg\" alt=\"\" class=\"wp-image-839\" srcset=\"https:\/\/xavierlazaro.com\/wp-content\/uploads\/2021\/05\/2021ResultsCPKLeiria1Mini.jpg 691w, https:\/\/xavierlazaro.com\/wp-content\/uploads\/2021\/05\/2021ResultsCPKLeiria1Mini-300x168.jpg 300w, https:\/\/xavierlazaro.com\/wp-content\/uploads\/2021\/05\/2021ResultsCPKLeiria1Mini-150x84.jpg 150w\" sizes=\"auto, (max-width: 691px) 100vw, 691px\" \/><\/figure>\n\n\n\n<p class=\"has-text-align-center\"><strong>Difficult Round at Leiria<\/strong><\/p>\n\n\n\n<p>The second round of the championship didn't go very well on my side. The track conditions were difficult and I ended up making some mistakes, as I realized that the competition was evolving and I was trying to minimize the differences. Some technical problems further complicated my task. It wasn't all bad, I learned more about how competitive I am, fighting against adversity and evolving as a driver.<\/p>\n<\/div>\n\n\n\n<div class=\"wp-block-column is-layout-flow wp-block-column-is-layout-flow\" style=\"flex-basis:33.33%\">\n<figure class=\"wp-block-image size-full\"><img loading=\"lazy\" decoding=\"async\" width=\"338\" height=\"621\" src=\"https:\/\/xavierlazaro.com\/wp-content\/uploads\/2021\/05\/Classif-2021CPK-Leiria.jpg\" alt=\"\" class=\"wp-image-840\" srcset=\"https:\/\/xavierlazaro.com\/wp-content\/uploads\/2021\/05\/Classif-2021CPK-Leiria.jpg 338w, https:\/\/xavierlazaro.com\/wp-content\/uploads\/2021\/05\/Classif-2021CPK-Leiria-163x300.jpg 163w, https:\/\/xavierlazaro.com\/wp-content\/uploads\/2021\/05\/Classif-2021CPK-Leiria-150x276.jpg 150w, https:\/\/xavierlazaro.com\/wp-content\/uploads\/2021\/05\/Classif-2021CPK-Leiria-300x551.jpg 300w, https:\/\/xavierlazaro.com\/wp-content\/uploads\/2021\/05\/Classif-2021CPK-Leiria-229x420.jpg 229w\" sizes=\"auto, (max-width: 338px) 100vw, 338px\" \/><\/figure>\n<\/div>\n<\/div>\n\n\n\n<div class=\"wp-block-columns is-layout-flex wp-container-core-columns-is-layout-9d6595d7 wp-block-columns-is-layout-flex\">\n<div class=\"wp-block-column is-layout-flow wp-block-column-is-layout-flow\" style=\"flex-basis:66.66%\">\n<figure class=\"wp-block-image size-large\"><img loading=\"lazy\" decoding=\"async\" width=\"1024\" height=\"576\" src=\"https:\/\/xavierlazaro.com\/wp-content\/uploads\/2021\/04\/2021ResultsCPKViana1Mini-1024x576.jpg\" alt=\"\" class=\"wp-image-770\" srcset=\"https:\/\/xavierlazaro.com\/wp-content\/uploads\/2021\/04\/2021ResultsCPKViana1Mini-1024x576.jpg 1024w, https:\/\/xavierlazaro.com\/wp-content\/uploads\/2021\/04\/2021ResultsCPKViana1Mini-300x169.jpg 300w, https:\/\/xavierlazaro.com\/wp-content\/uploads\/2021\/04\/2021ResultsCPKViana1Mini-768x432.jpg 768w, https:\/\/xavierlazaro.com\/wp-content\/uploads\/2021\/04\/2021ResultsCPKViana1Mini-1536x864.jpg 1536w, https:\/\/xavierlazaro.com\/wp-content\/uploads\/2021\/04\/2021ResultsCPKViana1Mini-150x84.jpg 150w, https:\/\/xavierlazaro.com\/wp-content\/uploads\/2021\/04\/2021ResultsCPKViana1Mini-696x392.jpg 696w, https:\/\/xavierlazaro.com\/wp-content\/uploads\/2021\/04\/2021ResultsCPKViana1Mini-1068x601.jpg 1068w, https:\/\/xavierlazaro.com\/wp-content\/uploads\/2021\/04\/2021ResultsCPKViana1Mini-747x420.jpg 747w, https:\/\/xavierlazaro.com\/wp-content\/uploads\/2021\/04\/2021ResultsCPKViana1Mini.jpg 1920w\" sizes=\"auto, (max-width: 1024px) 100vw, 1024px\" \/><\/figure>\n\n\n\n<p class=\"has-text-align-center\"><strong>The First Competition of a New Chapter<\/strong><\/p>\n\n\n\n<p>The Viana do Castelo event was the first of the championship, in which I am in a new class, X30 Mini. It was all about learning to drive on a track that I already know, with a new kart in a class in which I am the youngest and smallest, among many talented drivers. I made progress over the weekend, during which I was able to try out various track conditions, including wet conditions, as it also rained.<\/p>\n<\/div>\n\n\n\n<div class=\"wp-block-column is-layout-flow wp-block-column-is-layout-flow\" style=\"flex-basis:33.33%\">\n<figure class=\"wp-block-image size-full\"><img loading=\"lazy\" decoding=\"async\" width=\"338\" height=\"621\" src=\"https:\/\/xavierlazaro.com\/wp-content\/uploads\/2021\/04\/Classif-2021CPK-Viana1.jpg\" alt=\"\" class=\"wp-image-769\" srcset=\"https:\/\/xavierlazaro.com\/wp-content\/uploads\/2021\/04\/Classif-2021CPK-Viana1.jpg 338w, https:\/\/xavierlazaro.com\/wp-content\/uploads\/2021\/04\/Classif-2021CPK-Viana1-163x300.jpg 163w, https:\/\/xavierlazaro.com\/wp-content\/uploads\/2021\/04\/Classif-2021CPK-Viana1-150x276.jpg 150w, https:\/\/xavierlazaro.com\/wp-content\/uploads\/2021\/04\/Classif-2021CPK-Viana1-300x551.jpg 300w, https:\/\/xavierlazaro.com\/wp-content\/uploads\/2021\/04\/Classif-2021CPK-Viana1-229x420.jpg 229w\" sizes=\"auto, (max-width: 338px) 100vw, 338px\" \/><\/figure>\n<\/div>\n<\/div>","protected":false},"excerpt":{"rendered":"<p>Trofeo Karting Ayrton Senna No m\u00eas de dezembro, como que sob a forma de presente de Natal antecipado, ainda corri o Trofeo Karting Ayrton Senna, prova com grande tradi\u00e7\u00e3o em It\u00e1lia, que tem lugar no Circuito Internazionale Napoli em Sarno. O intuito foi novamente ganhar experi\u00eancia, o que aconteceu j\u00e1 que as condi\u00e7\u00f5es atmosf\u00e9ricas dif\u00edceis [&hellip;]<\/p>\n","protected":false},"author":1,"featured_media":0,"parent":0,"menu_order":0,"comment_status":"closed","ping_status":"closed","template":"","meta":{"_monsterinsights_skip_tracking":false,"_monsterinsights_sitenote_active":false,"_monsterinsights_sitenote_note":"","_monsterinsights_sitenote_category":0,"_uf_show_specific_survey":0,"_uf_disable_surveys":false,"footnotes":""},"class_list":["post-1430","page","type-page","status-publish"],"aioseo_notices":[],"amp_enabled":true,"_links":{"self":[{"href":"https:\/\/xavierlazaro.com\/en\/wp-json\/wp\/v2\/pages\/1430","targetHints":{"allow":["GET"]}}],"collection":[{"href":"https:\/\/xavierlazaro.com\/en\/wp-json\/wp\/v2\/pages"}],"about":[{"href":"https:\/\/xavierlazaro.com\/en\/wp-json\/wp\/v2\/types\/page"}],"author":[{"embeddable":true,"href":"https:\/\/xavierlazaro.com\/en\/wp-json\/wp\/v2\/users\/1"}],"replies":[{"embeddable":true,"href":"https:\/\/xavierlazaro.com\/en\/wp-json\/wp\/v2\/comments?post=1430"}],"version-history":[{"count":9,"href":"https:\/\/xavierlazaro.com\/en\/wp-json\/wp\/v2\/pages\/1430\/revisions"}],"predecessor-version":[{"id":1448,"href":"https:\/\/xavierlazaro.com\/en\/wp-json\/wp\/v2\/pages\/1430\/revisions\/1448"}],"wp:attachment":[{"href":"https:\/\/xavierlazaro.com\/en\/wp-json\/wp\/v2\/media?parent=1430"}],"curies":[{"name":"wp","href":"https:\/\/api.w.org\/{rel}","templated":true}]}}